



{"id":99,"date":"2024-06-12T21:53:23","date_gmt":"2024-06-12T19:53:23","guid":{"rendered":"https:\/\/cellcacr.com\/?page_id=99"},"modified":"2024-08-01T20:04:16","modified_gmt":"2024-08-01T18:04:16","slug":"cellca-tecnologia","status":"publish","type":"page","link":"http:\/\/3.233.12.55\/?page_id=99","title":{"rendered":"Cellca Tecnolog\u00eda"},"content":{"rendered":"<div class=\"pagina-dist-principal\">\n<div class=\"pagina-dist-principal-img\">\n        <img loading=\"lazy\" decoding=\"async\" class=\"alignnone size-medium wp-image-569 aligncenter\" src=\"http:\/\/cellcacr.com\/wp-content\/uploads\/2024\/07\/cellcatecnologiaarriba-300x278.png\" alt=\"Cellca Tecnolog\u00eda\" width=\"300\" height=\"278\" srcset=\"http:\/\/3.233.12.55\/wp-content\/uploads\/2024\/07\/cellcatecnologiaarriba-300x278.png 300w, http:\/\/3.233.12.55\/wp-content\/uploads\/2024\/07\/cellcatecnologiaarriba.png 512w\" sizes=\"(max-width: 300px) 100vw, 300px\" \/>\n    <\/div>\n<h2 class=\"pagina-dist-principal-titulo\">\n        <span>Cellca Tecnolog\u00eda<\/span><br \/>\n    <\/h2>\n<div class=\"pagina-dist-principal-descripcion\">\n<p>Transformamos tus ideas en soluciones digitales impactantes.<br \/> Nos especializamos en el desarrollo de aplicaciones y dise\u00f1o de p\u00e1ginas web,<br \/> ofreciendo servicios personalizados que impulsan tu presencia en el mundo digital<br \/> y elevan tu negocio a nuevos niveles de \u00e9xito.<\/p>\n<\/p><\/div>\n<\/div>\n<p>&nbsp;<\/p>\n<p>&nbsp;<\/p>\n    <div class=\"dist-carousel-wrapper\">\r\n                    <h2>\u00bfPor qu\u00e9 elegir Cellca Tecnolog\u00eda?<\/h2>\r\n                <div class=\"dist-carousel\">\r\n                            <div class=\"dist-carousel-item\">\r\n                                            <div class=\"dist-carousel-icon\">\r\n                            <img decoding=\"async\" src=\"http:\/\/cellcacr.com\/wp-content\/uploads\/2024\/07\/icontecnologia1.png\" alt=\"Icon\">\r\n                        \r\n                                        \r\n                        \r\n                        <h3>Desarrollo de Aplicaciones<\/h3>\r\n<p>Creamos aplicaciones m\u00f3viles y web que se adaptan a las\u00a0necesidades espec\u00edficas de tu negocio, con funcionalidades avanzadas y un rendimiento excepcional.\u200b<\/p>                    <\/div>\r\n                                            <a href=\"https:\/\/cellcacr.com\/representamos-tu-marca\/\" class=\"dist-carousel-button\">Me interesa<\/a>\r\n                                    <\/div>\r\n                            <div class=\"dist-carousel-item\">\r\n                                            <div class=\"dist-carousel-icon\">\r\n                            <img decoding=\"async\" src=\"http:\/\/cellcacr.com\/wp-content\/uploads\/2024\/07\/icontecnologia2.png\" alt=\"Icon\">\r\n                        \r\n                                        \r\n                        \r\n                        <h3>Dise\u00f1o Web Funcional<\/h3>\r\n<p>Dise\u00f1amos p\u00e1ginas web atractivas, intuitivas y optimizadas para una\u00a0experiencia de usuario excepcional, mejorando la visibilidad y la interacci\u00f3n con tu marca.\u200b<\/p>                    <\/div>\r\n                                            <a href=\"https:\/\/cellcacr.com\/representamos-tu-marca\/\" class=\"dist-carousel-button\">Me interesa<\/a>\r\n                                    <\/div>\r\n                            <div class=\"dist-carousel-item\">\r\n                                            <div class=\"dist-carousel-icon\">\r\n                            <img decoding=\"async\" src=\"http:\/\/cellcacr.com\/wp-content\/uploads\/2024\/07\/icontecnologia3.png\" alt=\"Icon\">\r\n                        \r\n                                        \r\n                        \r\n                        <h3>Soluciones Personalizadas<\/h3>\r\n<p>Cada proyecto es \u00fanico para nosotros. Nos enfocamos en entender tus objetivos y\u00a0crear soluciones digitales que se alineen perfectamente con tus metas comerciales.\u200b<\/p>                    <\/div>\r\n                                            <a href=\"https:\/\/cellcacr.com\/representamos-tu-marca\/\" class=\"dist-carousel-button\">Me interesa<\/a>\r\n                                    <\/div>\r\n                            <div class=\"dist-carousel-item\">\r\n                                            <div class=\"dist-carousel-icon\">\r\n                            <img decoding=\"async\" src=\"http:\/\/cellcacr.com\/wp-content\/uploads\/2024\/07\/icontecnologia4.png\" alt=\"Icon\">\r\n                        \r\n                                        \r\n                        \r\n                        <h3>Tecnolog\u00eda Innovadora<\/h3>\r\n<p>Utilizamos las \u00faltimas tecnolog\u00edas y herramientas de desarrollo para garantizar que\u00a0nuestros productos sean seguros, escalables y eficientes.\u200b<\/p>                    <\/div>\r\n                                            <a href=\"https:\/\/cellcacr.com\/representamos-tu-marca\/\" class=\"dist-carousel-button\">Me interesa<\/a>\r\n                                    <\/div>\r\n                            <div class=\"dist-carousel-item\">\r\n                                            <div class=\"dist-carousel-icon\">\r\n                            <img decoding=\"async\" src=\"http:\/\/cellcacr.com\/wp-content\/uploads\/2024\/07\/icontecnologia5.png\" alt=\"Icon\">\r\n                        \r\n                                        \r\n                        \r\n                        <h3>Soporte Continuo<\/h3>\r\n<p>Ofrecemos soporte t\u00e9cnico y actualizaciones continuas, asegurando que tu aplicaci\u00f3n o sitio\u00a0web se mantenga actualizado y funcione sin problemas.<\/p>                    <\/div>\r\n                                            <a href=\"https:\/\/cellcacr.com\/representamos-tu-marca\/\" class=\"dist-carousel-button\">Me interesa<\/a>\r\n                                    <\/div>\r\n                    <\/div>\r\n    <\/div>\r\n    \n<p>&nbsp;<\/p>\n<p>&nbsp;<\/p>\n    \r\n    <div class=\"text-component-content\">\r\n        Con\u00a0Cellca\u00a0Tecnolog\u00eda,\u00a0 <span style=\"color: #0070b2\">tu empresa obtiene una ventaja competitiva en el mundo digital<\/span>. Desde aplicaciones\u00a0intuitivas hasta p\u00e1ginas web impresionantes, estamos aqu\u00ed para ayudarte a destacar y alcanzar el \u00e9xito.        <div class=\"text-component-button-wrapper\">\r\n        <a href=\"https:\/\/cellcacr.com\/representamos-tu-marca\/\" class=\"text-component-button\">\r\n            Contratar servicio        <\/a>\r\n    <\/div>\r\n    <\/div>\r\n   \r\n    \r\n    \n<p>&nbsp;<\/p>\n    <div class=\"custom-image-component\">\r\n                    <div class=\"custom-image-component-item\">\r\n                <img decoding=\"async\" src=\"http:\/\/cellcacr.com\/wp-content\/uploads\/2024\/07\/paginatecnologia1.png\" alt=\"Imagen del componente\">\r\n            <\/div>\r\n                    <div class=\"custom-image-component-item\">\r\n                <img decoding=\"async\" src=\"http:\/\/cellcacr.com\/wp-content\/uploads\/2024\/07\/paginatecnologia2.png\" alt=\"Imagen del componente\">\r\n            <\/div>\r\n            <\/div>\r\n    \n<p>&nbsp;<\/p>\n<p>&nbsp;<\/p>\n    <div class=\"contenedor-general-carrusel\">\r\n        <div class=\"carousel-wrapper\">\r\n            <div class=\"carousel-title\">\r\n                <h2 style=\"text-align:  center; font-size: 28px;\"><span style=\"color: #0070b2;\">Mas servicios<\/span><\/h2>\n            <\/div>\r\n            <div class=\"carousel-container\">\r\n                                    <div class=\"carousel-item\" data-link=\"https:\/\/cellcacr.com\/servicios\/cellca-distribucion\/\">\r\n                        <img decoding=\"async\" src=\"http:\/\/cellcacr.com\/wp-content\/uploads\/2024\/06\/c1.png\" alt=\"Carousel Image\">\r\n                    <\/div>\r\n                                    <div class=\"carousel-item\" data-link=\"https:\/\/cellcacr.com\/servicios\/cellca-distribucion\/\">\r\n                        <img decoding=\"async\" src=\"http:\/\/cellcacr.com\/wp-content\/uploads\/2024\/06\/c2.png\" alt=\"Carousel Image\">\r\n                    <\/div>\r\n                                    <div class=\"carousel-item\" data-link=\"https:\/\/cellcacr.com\/servicios\/cellca-distribucion\/\">\r\n                        <img decoding=\"async\" src=\"http:\/\/cellcacr.com\/wp-content\/uploads\/2024\/06\/c4.png\" alt=\"Carousel Image\">\r\n                    <\/div>\r\n                            <\/div>\r\n        <\/div>\r\n    <\/div>\r\n    \n<p>&nbsp;<\/p>\n  <div class=\"dist-tarjetas-wrapper\">\r\n                <h2>Nuestros planes<\/h2>\r\n            <div class=\"dist-tarjetas\">\r\n                        <div class=\"dist-tarjeta-item\">\r\n                  <div class=\"dist-tarjeta-icon\">\r\n                      <img decoding=\"async\" src=\"http:\/\/cellcacr.com\/wp-content\/uploads\/2024\/07\/iconplanes1.png\" alt=\"Icono\">\r\n                  <\/div>\r\n                  <div class=\"dist-tarjeta-content\">\r\n                      <h3>Planes moviles<\/h3>\r\n                  <\/div>\r\n                  <!-- Hover content -->\r\n                  <div class=\"dist-tarjeta-hover\">\r\n                      <div class=\"option\">\r\n                          <a href=\"https:\/\/api.whatsapp.com\/send\/?phone=50640020988&#038;text=Quiero+un+agente+de+ventas&#038;type=phone_number&#038;app_absent=0\" target=\"_blank\">\r\n                              <img decoding=\"async\" src=\"http:\/\/cellcacr.com\/wp-content\/uploads\/2024\/06\/Costaricaflag.png\" alt=\"Icono Pa\u00eds 1\">\r\n                              <span>Costa Rica<\/span>\r\n                          <\/a>\r\n                      <\/div>\r\n                      <div class=\"option\">\r\n                          <a href=\"https:\/\/api.whatsapp.com\/send\/?phone=5078337024&#038;text=Quiero+un+agente+de+ventas&#038;type=phone_number&#038;app_absent=0\" target=\"_blank\">\r\n                              <img decoding=\"async\" src=\"http:\/\/cellcacr.com\/wp-content\/uploads\/2024\/06\/Panamaflag.png\" alt=\"Icono Pa\u00eds 2\">\r\n                              <span>Panam\u00e1<\/span>\r\n                          <\/a>\r\n                      <\/div>\r\n                  <\/div>\r\n              <\/div>\r\n                        <div class=\"dist-tarjeta-item\">\r\n                  <div class=\"dist-tarjeta-icon\">\r\n                      <img decoding=\"async\" src=\"http:\/\/cellcacr.com\/wp-content\/uploads\/2024\/07\/iconplanes3.png\" alt=\"Icono\">\r\n                  <\/div>\r\n                  <div class=\"dist-tarjeta-content\">\r\n                      <h3>Planes Hogar<\/h3>\r\n                  <\/div>\r\n                  <!-- Hover content -->\r\n                  <div class=\"dist-tarjeta-hover\">\r\n                      <div class=\"option\">\r\n                          <a href=\"https:\/\/api.whatsapp.com\/send\/?phone=50640020988&#038;text=Quiero+un+agente+de+ventas&#038;type=phone_number&#038;app_absent=0\" target=\"_blank\">\r\n                              <img decoding=\"async\" src=\"http:\/\/cellcacr.com\/wp-content\/uploads\/2024\/06\/Costaricaflag.png\" alt=\"Icono Pa\u00eds 1\">\r\n                              <span>Costa Rica<\/span>\r\n                          <\/a>\r\n                      <\/div>\r\n                      <div class=\"option\">\r\n                          <a href=\"https:\/\/api.whatsapp.com\/send\/?phone=5078337024&#038;text=Quiero+un+agente+de+ventas&#038;type=phone_number&#038;app_absent=0\" target=\"_blank\">\r\n                              <img decoding=\"async\" src=\"http:\/\/cellcacr.com\/wp-content\/uploads\/2024\/06\/Panamaflag.png\" alt=\"Icono Pa\u00eds 2\">\r\n                              <span>Panam\u00e1<\/span>\r\n                          <\/a>\r\n                      <\/div>\r\n                  <\/div>\r\n              <\/div>\r\n                        <div class=\"dist-tarjeta-item\">\r\n                  <div class=\"dist-tarjeta-icon\">\r\n                      <img decoding=\"async\" src=\"http:\/\/cellcacr.com\/wp-content\/uploads\/2024\/07\/iconplanes2.png\" alt=\"Icono\">\r\n                  <\/div>\r\n                  <div class=\"dist-tarjeta-content\">\r\n                      <h3>Planes pyme<\/h3>\r\n                  <\/div>\r\n                  <!-- Hover content -->\r\n                  <div class=\"dist-tarjeta-hover\">\r\n                      <div class=\"option\">\r\n                          <a href=\"https:\/\/api.whatsapp.com\/send\/?phone=50640020988&#038;text=Quiero+un+agente+de+ventas&#038;type=phone_number&#038;app_absent=0\" target=\"_blank\">\r\n                              <img decoding=\"async\" src=\"http:\/\/cellcacr.com\/wp-content\/uploads\/2024\/06\/Costaricaflag.png\" alt=\"Icono Pa\u00eds 1\">\r\n                              <span>Costa Rica<\/span>\r\n                          <\/a>\r\n                      <\/div>\r\n                      <div class=\"option\">\r\n                          <a href=\"https:\/\/api.whatsapp.com\/send\/?phone=5078337024&#038;text=Quiero+un+agente+de+ventas&#038;type=phone_number&#038;app_absent=0\" target=\"_blank\">\r\n                              <img decoding=\"async\" src=\"http:\/\/cellcacr.com\/wp-content\/uploads\/2024\/06\/Panamaflag.png\" alt=\"Icono Pa\u00eds 2\">\r\n                              <span>Panam\u00e1<\/span>\r\n                          <\/a>\r\n                      <\/div>\r\n                  <\/div>\r\n              <\/div>\r\n                        <div class=\"dist-tarjeta-item\">\r\n                  <div class=\"dist-tarjeta-icon\">\r\n                      <img decoding=\"async\" src=\"http:\/\/cellcacr.com\/wp-content\/uploads\/2024\/07\/iconplanes4.png\" alt=\"Icono\">\r\n                  <\/div>\r\n                  <div class=\"dist-tarjeta-content\">\r\n                      <h3>Recerga Electronica<\/h3>\r\n                  <\/div>\r\n                  <!-- Hover content -->\r\n                  <div class=\"dist-tarjeta-hover\">\r\n                      <div class=\"option\">\r\n                          <a href=\"https:\/\/api.whatsapp.com\/send\/?phone=50640020988&#038;text=Quiero+un+agente+de+ventas&#038;type=phone_number&#038;app_absent=0\" target=\"_blank\">\r\n                              <img decoding=\"async\" src=\"http:\/\/cellcacr.com\/wp-content\/uploads\/2024\/06\/Costaricaflag.png\" alt=\"Icono Pa\u00eds 1\">\r\n                              <span>Costa Rica<\/span>\r\n                          <\/a>\r\n                      <\/div>\r\n                      <div class=\"option\">\r\n                          <a href=\"https:\/\/api.whatsapp.com\/send\/?phone=5078337024&#038;text=Quiero+un+agente+de+ventas&#038;type=phone_number&#038;app_absent=0\" target=\"_blank\">\r\n                              <img decoding=\"async\" src=\"http:\/\/cellcacr.com\/wp-content\/uploads\/2024\/06\/Panamaflag.png\" alt=\"Icono Pa\u00eds 2\">\r\n                              <span>Panam\u00e1<\/span>\r\n                          <\/a>\r\n                      <\/div>\r\n                  <\/div>\r\n              <\/div>\r\n                <\/div>\r\n  <\/div>\r\n  \n<p>&nbsp;<\/p>\n","protected":false},"excerpt":{"rendered":"<p>Cellca Tecnolog\u00eda Transformamos tus ideas en soluciones digitales impactantes. Nos especializamos en el desarrollo de aplicaciones y dise\u00f1o de p\u00e1ginas web, ofreciendo servicios personalizados que impulsan tu presencia en el mundo digital y elevan tu negocio a nuevos niveles de \u00e9xito. &nbsp; &nbsp; &nbsp; &nbsp; &nbsp; &nbsp; &nbsp; &nbsp; &nbsp;<\/p>\n","protected":false},"author":1,"featured_media":0,"parent":10,"menu_order":0,"comment_status":"closed","ping_status":"closed","template":"","meta":{"footnotes":""},"_links":{"self":[{"href":"http:\/\/3.233.12.55\/index.php?rest_route=\/wp\/v2\/pages\/99"}],"collection":[{"href":"http:\/\/3.233.12.55\/index.php?rest_route=\/wp\/v2\/pages"}],"about":[{"href":"http:\/\/3.233.12.55\/index.php?rest_route=\/wp\/v2\/types\/page"}],"author":[{"embeddable":true,"href":"http:\/\/3.233.12.55\/index.php?rest_route=\/wp\/v2\/users\/1"}],"replies":[{"embeddable":true,"href":"http:\/\/3.233.12.55\/index.php?rest_route=%2Fwp%2Fv2%2Fcomments&post=99"}],"version-history":[{"count":15,"href":"http:\/\/3.233.12.55\/index.php?rest_route=\/wp\/v2\/pages\/99\/revisions"}],"predecessor-version":[{"id":809,"href":"http:\/\/3.233.12.55\/index.php?rest_route=\/wp\/v2\/pages\/99\/revisions\/809"}],"up":[{"embeddable":true,"href":"http:\/\/3.233.12.55\/index.php?rest_route=\/wp\/v2\/pages\/10"}],"wp:attachment":[{"href":"http:\/\/3.233.12.55\/index.php?rest_route=%2Fwp%2Fv2%2Fmedia&parent=99"}],"curies":[{"name":"wp","href":"https:\/\/api.w.org\/{rel}","templated":true}]}}