



{"id":95,"date":"2024-06-12T21:50:07","date_gmt":"2024-06-12T19:50:07","guid":{"rendered":"https:\/\/cellcacr.com\/?page_id=95"},"modified":"2024-08-01T20:09:33","modified_gmt":"2024-08-01T18:09:33","slug":"cellca-outsourcing","status":"publish","type":"page","link":"http:\/\/3.233.12.55\/?page_id=95","title":{"rendered":"Cellca Outsourcing"},"content":{"rendered":"<div class=\"pagina-dist-principal\">\n<div class=\"pagina-dist-principal-img\">\n        <img loading=\"lazy\" decoding=\"async\" class=\"alignnone size-medium wp-image-550 aligncenter\" src=\"http:\/\/cellcacr.com\/wp-content\/uploads\/2024\/07\/cellcaoutsourcingprincipal-300x300.png\" alt=\"Cellca Outsourcing\" width=\"300\" height=\"300\" srcset=\"http:\/\/3.233.12.55\/wp-content\/uploads\/2024\/07\/cellcaoutsourcingprincipal-300x300.png 300w, http:\/\/3.233.12.55\/wp-content\/uploads\/2024\/07\/cellcaoutsourcingprincipal-100x100.png 100w, http:\/\/3.233.12.55\/wp-content\/uploads\/2024\/07\/cellcaoutsourcingprincipal-150x150.png 150w, http:\/\/3.233.12.55\/wp-content\/uploads\/2024\/07\/cellcaoutsourcingprincipal.png 512w\" sizes=\"(max-width: 300px) 100vw, 300px\" \/>\n    <\/div>\n<h2 class=\"pagina-dist-principal-titulo\">Cellca Outsourcing<\/h2>\n<div class=\"pagina-dist-principal-descripcion\">\n<p>Ofrecemos servicios de outsourcing especializados, proporcionando personal presencial,<\/p>\n<p>puerta a puerta, vendedores de rutas y atenci\u00f3n digital, adapt\u00e1ndonos a tus necesidades y<\/p>\n<p>garantizando resultados excepcionales.<\/p>\n<\/p><\/div>\n<\/div>\n<p>&nbsp;<\/p>\n    <div class=\"dist-carousel-wrapper\">\r\n                    <h2>\u00bfPor qu\u00e9 elegir Cellca Outsourcing?<\/h2>\r\n                <div class=\"dist-carousel\">\r\n                            <div class=\"dist-carousel-item\">\r\n                                            <div class=\"dist-carousel-icon\">\r\n                            <img decoding=\"async\" src=\"http:\/\/cellcacr.com\/wp-content\/uploads\/2024\/07\/iconoutsourcing2.png\" alt=\"Icon\">\r\n                        \r\n                                        \r\n                        \r\n                        <h3>Personal Capacitado<\/h3>\r\n<p>Nuestro equipo est\u00e1 altamente capacitado para desempe\u00f1arse en diversas \u00e1reas, asegurando un servicio de calidad.\u200b<\/p>                    <\/div>\r\n                                            <a href=\"https:\/\/cellcacr.com\/representamos-tu-marca\/\" class=\"dist-carousel-button\">Me interesa<\/a>\r\n                                    <\/div>\r\n                            <div class=\"dist-carousel-item\">\r\n                                            <div class=\"dist-carousel-icon\">\r\n                            <img decoding=\"async\" src=\"http:\/\/cellcacr.com\/wp-content\/uploads\/2024\/07\/iconoutsourcing4.png\" alt=\"Icon\">\r\n                        \r\n                                        \r\n                        \r\n                        <h3>Flexibilidad y Adaptabilidad<\/h3>\r\n<p>Utilizamos aplicaciones innovadoras para planificar y gestionar rutas de distribuci\u00f3n,\u00a0asegurando entregas puntuales y optimizadas.\u200b<\/p>                    <\/div>\r\n                                            <a href=\"https:\/\/cellcacr.com\/representamos-tu-marca\/\" class=\"dist-carousel-button\">Me interesa<\/a>\r\n                                    <\/div>\r\n                            <div class=\"dist-carousel-item\">\r\n                                            <div class=\"dist-carousel-icon\">\r\n                            <img decoding=\"async\" src=\"http:\/\/cellcacr.com\/wp-content\/uploads\/2024\/07\/iconoutsourcing5.png\" alt=\"Icon\">\r\n                        \r\n                                        \r\n                        \r\n                        <h3>Eficiencia y Resultados<\/h3>\r\n<p>Llegamos a una extensa red de puntos de venta, maximizando la presencia y disponibilidad\u00a0de tus productos en el mercado. Cubrimos Centroam\u00e9rica, Venezuela, Espa\u00f1a e Italia.\u200b\u200b<\/p>                    <\/div>\r\n                                            <a href=\"https:\/\/cellcacr.com\/representamos-tu-marca\/\" class=\"dist-carousel-button\">Me interesa<\/a>\r\n                                    <\/div>\r\n                            <div class=\"dist-carousel-item\">\r\n                                            <div class=\"dist-carousel-icon\">\r\n                            <img decoding=\"async\" src=\"http:\/\/cellcacr.com\/wp-content\/uploads\/2024\/07\/iconoutsourcing3.png\" alt=\"Icon\">\r\n                        \r\n                                        \r\n                        \r\n                        <h3>Atenci\u00f3n Integral<\/h3>\r\n<p>Nos adaptamos a las necesidades espec\u00edficas de cada cliente, ofreciendo soluciones de\u00a0distribuci\u00f3n personalizadas que potencian sus operaciones.\u200b\u200b<\/p>                    <\/div>\r\n                                            <a href=\"https:\/\/cellcacr.com\/representamos-tu-marca\/\" class=\"dist-carousel-button\">Me interesa<\/a>\r\n                                    <\/div>\r\n                            <div class=\"dist-carousel-item\">\r\n                                            <div class=\"dist-carousel-icon\">\r\n                            <img decoding=\"async\" src=\"http:\/\/cellcacr.com\/wp-content\/uploads\/2024\/07\/iconoutsourcing1.png\" alt=\"Icon\">\r\n                        \r\n                                        \r\n                        \r\n                        <h3>Innovaci\u00f3n y Tecnolog\u00eda<\/h3>\r\n<p>Ofrecemos seguimiento en tiempo real y transparencia en todas nuestras\r\noperaciones, proporcionando confianza y tranquilidad a nuestros clientes.\u200b<\/p>                    <\/div>\r\n                                            <a href=\"https:\/\/cellcacr.com\/representamos-tu-marca\/\" class=\"dist-carousel-button\">Me interesa<\/a>\r\n                                    <\/div>\r\n                    <\/div>\r\n    <\/div>\r\n    \n<p>&nbsp;<\/p>\n    \r\n    <div class=\"text-component-content\">\r\n        Con Cellca, <span style=\"color: #0070b2\">tienes un aliado estrat\u00e9gico que potencia cada aspecto de tu operaci\u00f3n<\/span>, garantizando una ejecuci\u00f3n\u00a0impecable y el logro de tus metas empresariales.        <div class=\"text-component-button-wrapper\">\r\n        <a href=\"https:\/\/cellcacr.com\/representamos-tu-marca\/\" class=\"text-component-button\">\r\n            Contratar servicio        <\/a>\r\n    <\/div>\r\n    <\/div>\r\n   \r\n    \r\n    \n<p>&nbsp;<\/p>\n<p>&nbsp;<\/p>\n<p>&nbsp;<\/p>\n<p>&nbsp;<\/p>\n    <div class=\"custom-image-component\">\r\n                    <div class=\"custom-image-component-item\">\r\n                <img decoding=\"async\" src=\"http:\/\/cellcacr.com\/wp-content\/uploads\/2024\/07\/fotooutsourcing1.png\" alt=\"Imagen del componente\">\r\n            <\/div>\r\n                    <div class=\"custom-image-component-item\">\r\n                <img decoding=\"async\" src=\"http:\/\/cellcacr.com\/wp-content\/uploads\/2024\/07\/fotooutsourcing2.png\" alt=\"Imagen del componente\">\r\n            <\/div>\r\n            <\/div>\r\n    \n<p>&nbsp;<\/p>\n<p>&nbsp;<\/p>\n<p>&nbsp;<\/p>\n    <div class=\"contenedor-general-carrusel\">\r\n        <div class=\"carousel-wrapper\">\r\n            <div class=\"carousel-title\">\r\n                <h3 style=\"text-align:  center; font-size: 28px;\"><span style=\"color: #0070b2;\">Mas servicios<\/span><\/h3>\n            <\/div>\r\n            <div class=\"carousel-container\">\r\n                                    <div class=\"carousel-item\" data-link=\"https:\/\/cellcacr.com\/servicios\/cellca-distribucion\/\">\r\n                        <img decoding=\"async\" src=\"http:\/\/cellcacr.com\/wp-content\/uploads\/2024\/06\/c1.png\" alt=\"Carousel Image\">\r\n                    <\/div>\r\n                                    <div class=\"carousel-item\" data-link=\"https:\/\/cellcacr.com\/servicios\/cellca-tecnologia\/\">\r\n                        <img decoding=\"async\" src=\"http:\/\/cellcacr.com\/wp-content\/uploads\/2024\/06\/c3.png\" alt=\"Carousel Image\">\r\n                    <\/div>\r\n                                    <div class=\"carousel-item\" data-link=\"https:\/\/cellcacr.com\/servicios\/cellca-e-learning\/\">\r\n                        <img decoding=\"async\" src=\"http:\/\/cellcacr.com\/wp-content\/uploads\/2024\/06\/c4.png\" alt=\"Carousel Image\">\r\n                    <\/div>\r\n                            <\/div>\r\n        <\/div>\r\n    <\/div>\r\n    \n<p>&nbsp;<\/p>\n<p>&nbsp;<\/p>\n<p>&nbsp;<\/p>\n  <div class=\"dist-tarjetas-wrapper\">\r\n                <h2>Nuestros planes<\/h2>\r\n            <div class=\"dist-tarjetas\">\r\n                        <div class=\"dist-tarjeta-item\">\r\n                  <div class=\"dist-tarjeta-icon\">\r\n                      <img decoding=\"async\" src=\"http:\/\/cellcacr.com\/wp-content\/uploads\/2024\/07\/iconplanes1.png\" alt=\"Icono\">\r\n                  <\/div>\r\n                  <div class=\"dist-tarjeta-content\">\r\n                      <h3>Planes moviles<\/h3>\r\n                  <\/div>\r\n                  <!-- Hover content -->\r\n                  <div class=\"dist-tarjeta-hover\">\r\n                      <div class=\"option\">\r\n                          <a href=\"https:\/\/api.whatsapp.com\/send\/?phone=50640020988&#038;text=Quiero+un+agente+de+ventas&#038;type=phone_number&#038;app_absent=0\" target=\"_blank\">\r\n                              <img decoding=\"async\" src=\"http:\/\/cellcacr.com\/wp-content\/uploads\/2024\/06\/Costaricaflag.png\" alt=\"Icono Pa\u00eds 1\">\r\n                              <span>Costa Rica<\/span>\r\n                          <\/a>\r\n                      <\/div>\r\n                      <div class=\"option\">\r\n                          <a href=\"https:\/\/api.whatsapp.com\/send\/?phone=5078337024&#038;text=Quiero+un+agente+de+ventas&#038;type=phone_number&#038;app_absent=0\" target=\"_blank\">\r\n                              <img decoding=\"async\" src=\"http:\/\/cellcacr.com\/wp-content\/uploads\/2024\/06\/Panamaflag.png\" alt=\"Icono Pa\u00eds 2\">\r\n                              <span>Panam\u00e1<\/span>\r\n                          <\/a>\r\n                      <\/div>\r\n                  <\/div>\r\n              <\/div>\r\n                        <div class=\"dist-tarjeta-item\">\r\n                  <div class=\"dist-tarjeta-icon\">\r\n                      <img decoding=\"async\" src=\"http:\/\/cellcacr.com\/wp-content\/uploads\/2024\/07\/iconplanes3.png\" alt=\"Icono\">\r\n                  <\/div>\r\n                  <div class=\"dist-tarjeta-content\">\r\n                      <h3>Planes Hogar<\/h3>\r\n                  <\/div>\r\n                  <!-- Hover content -->\r\n                  <div class=\"dist-tarjeta-hover\">\r\n                      <div class=\"option\">\r\n                          <a href=\"https:\/\/api.whatsapp.com\/send\/?phone=50640020988&#038;text=Quiero+un+agente+de+ventas&#038;type=phone_number&#038;app_absent=0\" target=\"_blank\">\r\n                              <img decoding=\"async\" src=\"http:\/\/cellcacr.com\/wp-content\/uploads\/2024\/06\/Costaricaflag.png\" alt=\"Icono Pa\u00eds 1\">\r\n                              <span>Costa Rica<\/span>\r\n                          <\/a>\r\n                      <\/div>\r\n                      <div class=\"option\">\r\n                          <a href=\"https:\/\/api.whatsapp.com\/send\/?phone=5078337024&#038;text=Quiero+un+agente+de+ventas&#038;type=phone_number&#038;app_absent=0\" target=\"_blank\">\r\n                              <img decoding=\"async\" src=\"http:\/\/cellcacr.com\/wp-content\/uploads\/2024\/06\/Panamaflag.png\" alt=\"Icono Pa\u00eds 2\">\r\n                              <span>Panam\u00e1<\/span>\r\n                          <\/a>\r\n                      <\/div>\r\n                  <\/div>\r\n              <\/div>\r\n                        <div class=\"dist-tarjeta-item\">\r\n                  <div class=\"dist-tarjeta-icon\">\r\n                      <img decoding=\"async\" src=\"http:\/\/cellcacr.com\/wp-content\/uploads\/2024\/07\/iconplanes2.png\" alt=\"Icono\">\r\n                  <\/div>\r\n                  <div class=\"dist-tarjeta-content\">\r\n                      <h3>Planes pyme<\/h3>\r\n                  <\/div>\r\n                  <!-- Hover content -->\r\n                  <div class=\"dist-tarjeta-hover\">\r\n                      <div class=\"option\">\r\n                          <a href=\"https:\/\/api.whatsapp.com\/send\/?phone=50640020988&#038;text=Quiero+un+agente+de+ventas&#038;type=phone_number&#038;app_absent=0\" target=\"_blank\">\r\n                              <img decoding=\"async\" src=\"http:\/\/cellcacr.com\/wp-content\/uploads\/2024\/06\/Costaricaflag.png\" alt=\"Icono Pa\u00eds 1\">\r\n                              <span>Costa Rica<\/span>\r\n                          <\/a>\r\n                      <\/div>\r\n                      <div class=\"option\">\r\n                          <a href=\"https:\/\/api.whatsapp.com\/send\/?phone=5078337024&#038;text=Quiero+un+agente+de+ventas&#038;type=phone_number&#038;app_absent=0\" target=\"_blank\">\r\n                              <img decoding=\"async\" src=\"http:\/\/cellcacr.com\/wp-content\/uploads\/2024\/06\/Panamaflag.png\" alt=\"Icono Pa\u00eds 2\">\r\n                              <span>Panam\u00e1<\/span>\r\n                          <\/a>\r\n                      <\/div>\r\n                  <\/div>\r\n              <\/div>\r\n                        <div class=\"dist-tarjeta-item\">\r\n                  <div class=\"dist-tarjeta-icon\">\r\n                      <img decoding=\"async\" src=\"http:\/\/cellcacr.com\/wp-content\/uploads\/2024\/07\/iconplanes4.png\" alt=\"Icono\">\r\n                  <\/div>\r\n                  <div class=\"dist-tarjeta-content\">\r\n                      <h3>Recerga Electronica<\/h3>\r\n                  <\/div>\r\n                  <!-- Hover content -->\r\n                  <div class=\"dist-tarjeta-hover\">\r\n                      <div class=\"option\">\r\n                          <a href=\"https:\/\/api.whatsapp.com\/send\/?phone=50640020988&#038;text=Quiero+un+agente+de+ventas&#038;type=phone_number&#038;app_absent=0\" target=\"_blank\">\r\n                              <img decoding=\"async\" src=\"http:\/\/cellcacr.com\/wp-content\/uploads\/2024\/06\/Costaricaflag.png\" alt=\"Icono Pa\u00eds 1\">\r\n                              <span>Costa Rica<\/span>\r\n                          <\/a>\r\n                      <\/div>\r\n                      <div class=\"option\">\r\n                          <a href=\"https:\/\/api.whatsapp.com\/send\/?phone=5078337024&#038;text=Quiero+un+agente+de+ventas&#038;type=phone_number&#038;app_absent=0\" target=\"_blank\">\r\n                              <img decoding=\"async\" src=\"http:\/\/cellcacr.com\/wp-content\/uploads\/2024\/06\/Panamaflag.png\" alt=\"Icono Pa\u00eds 2\">\r\n                              <span>Panam\u00e1<\/span>\r\n                          <\/a>\r\n                      <\/div>\r\n                  <\/div>\r\n              <\/div>\r\n                <\/div>\r\n  <\/div>\r\n  \n","protected":false},"excerpt":{"rendered":"<p>Cellca Outsourcing Ofrecemos servicios de outsourcing especializados, proporcionando personal presencial, puerta a puerta, vendedores de rutas y atenci\u00f3n digital, adapt\u00e1ndonos a tus necesidades y garantizando resultados excepcionales. &nbsp; &nbsp; &nbsp; &nbsp; &nbsp; &nbsp; &nbsp; &nbsp; &nbsp; &nbsp; &nbsp; &nbsp;<\/p>\n","protected":false},"author":1,"featured_media":0,"parent":10,"menu_order":0,"comment_status":"closed","ping_status":"closed","template":"","meta":{"footnotes":""},"_links":{"self":[{"href":"http:\/\/3.233.12.55\/index.php?rest_route=\/wp\/v2\/pages\/95"}],"collection":[{"href":"http:\/\/3.233.12.55\/index.php?rest_route=\/wp\/v2\/pages"}],"about":[{"href":"http:\/\/3.233.12.55\/index.php?rest_route=\/wp\/v2\/types\/page"}],"author":[{"embeddable":true,"href":"http:\/\/3.233.12.55\/index.php?rest_route=\/wp\/v2\/users\/1"}],"replies":[{"embeddable":true,"href":"http:\/\/3.233.12.55\/index.php?rest_route=%2Fwp%2Fv2%2Fcomments&post=95"}],"version-history":[{"count":21,"href":"http:\/\/3.233.12.55\/index.php?rest_route=\/wp\/v2\/pages\/95\/revisions"}],"predecessor-version":[{"id":811,"href":"http:\/\/3.233.12.55\/index.php?rest_route=\/wp\/v2\/pages\/95\/revisions\/811"}],"up":[{"embeddable":true,"href":"http:\/\/3.233.12.55\/index.php?rest_route=\/wp\/v2\/pages\/10"}],"wp:attachment":[{"href":"http:\/\/3.233.12.55\/index.php?rest_route=%2Fwp%2Fv2%2Fmedia&parent=95"}],"curies":[{"name":"wp","href":"https:\/\/api.w.org\/{rel}","templated":true}]}}