



{"id":92,"date":"2024-06-12T21:46:38","date_gmt":"2024-06-12T19:46:38","guid":{"rendered":"https:\/\/cellcacr.com\/?page_id=92"},"modified":"2024-08-01T00:53:16","modified_gmt":"2024-07-31T22:53:16","slug":"cellca-distribucion","status":"publish","type":"page","link":"http:\/\/3.233.12.55\/?page_id=92","title":{"rendered":"Cellca Distribuci\u00f3n"},"content":{"rendered":"<div class=\"pagina-dist-principal\">\n<h1 class=\"pagina-dist-principal-img\"><img loading=\"lazy\" decoding=\"async\" width=\"298\" height=\"300\" class=\"alignnone size-medium wp-image-463\" src=\"http:\/\/cellcacr.com\/wp-content\/uploads\/2024\/07\/des-distri-298x300.png\" alt=\"Cellca Distribuci\u00f3n\" srcset=\"http:\/\/3.233.12.55\/wp-content\/uploads\/2024\/07\/des-distri-298x300.png 298w, http:\/\/3.233.12.55\/wp-content\/uploads\/2024\/07\/des-distri-100x100.png 100w, http:\/\/3.233.12.55\/wp-content\/uploads\/2024\/07\/des-distri-150x150.png 150w, http:\/\/3.233.12.55\/wp-content\/uploads\/2024\/07\/des-distri.png 512w\" sizes=\"(max-width: 298px) 100vw, 298px\" \/><\/h1>\n<h2 class=\"pagina-dist-principal-titulo\"><span>Cellca Distribuci\u00f3n<\/span><\/h2>\n<p class=\"pagina-dist-principal-descripcion\">Somos m\u00e1s que una empresa de distribuci\u00f3n:<br \/> somos tu socio estrat\u00e9gico en la comercializaci\u00f3n de productos.<\/p>\n<\/div>\n<p>&nbsp;<\/p>\n    <div class=\"dist-carousel-wrapper\">\r\n                    <h2>\u00bfPor qu\u00e9 elegir a Cellca Distribuci\u00f3n?<\/h2>\r\n                <div class=\"dist-carousel\">\r\n                            <div class=\"dist-carousel-item\">\r\n                                            <div class=\"dist-carousel-icon\">\r\n                            <img decoding=\"async\" src=\"http:\/\/cellcacr.com\/wp-content\/uploads\/2024\/07\/dist-carru.png\" alt=\"Icon\">\r\n                        \r\n                                        \r\n                        \r\n                        <h3 style=\"text-align: left\">Representaci\u00f3n de Marcas L\u00edderes<\/h3>\r\n<p style=\"text-align: left\">Trabajamos con marcas de renombre, garantizando una distribuci\u00f3n que mantiene la calidad y reputaci\u00f3n de sus productos.\u200b<\/p>                    <\/div>\r\n                                            <a href=\"https:\/\/cellcacr.com\/representamos-tu-marca\/\" class=\"dist-carousel-button\">Me interesa<\/a>\r\n                                    <\/div>\r\n                            <div class=\"dist-carousel-item\">\r\n                                            <div class=\"dist-carousel-icon\">\r\n                            <img decoding=\"async\" src=\"http:\/\/cellcacr.com\/wp-content\/uploads\/2024\/07\/dist-carr-2.png\" alt=\"Icon\">\r\n                        \r\n                                        \r\n                        \r\n                        <h3 style=\"text-align: left\">Eficiencia Log\u00edstica<\/h3>\r\n<p style=\"text-align: left\">Utilizamos aplicaciones innovadoras para planificar y gestionar rutas de distribuci\u00f3n, asegurando entregas puntuales y optimizadas.<\/p>                    <\/div>\r\n                                            <a href=\"https:\/\/cellcacr.com\/representamos-tu-marca\/\" class=\"dist-carousel-button\">Me interesa<\/a>\r\n                                    <\/div>\r\n                            <div class=\"dist-carousel-item\">\r\n                                            <div class=\"dist-carousel-icon\">\r\n                            <img decoding=\"async\" src=\"http:\/\/cellcacr.com\/wp-content\/uploads\/2024\/07\/dist-cob.png\" alt=\"Icon\">\r\n                        \r\n                                        \r\n                        \r\n                        <h3 style=\"text-align: left\">Cobertura Amplia<\/h3>\r\n<p style=\"text-align: left\">Llegamos a una extensa red de puntos de venta, maximizando la presencia y\r\ndisponibilidad de tus\r\nproductos en el mercado.\r\nCubrimos Centroam\u00e9rica, Venezuela, Espa\u00f1a e Italia.\u200b<\/p>                    <\/div>\r\n                                            <a href=\"https:\/\/cellcacr.com\/representamos-tu-marca\/\" class=\"dist-carousel-button\">Me interesa<\/a>\r\n                                    <\/div>\r\n                            <div class=\"dist-carousel-item\">\r\n                                            <div class=\"dist-carousel-icon\">\r\n                            <img decoding=\"async\" src=\"http:\/\/cellcacr.com\/wp-content\/uploads\/2024\/07\/serv-dist-car.png\" alt=\"Icon\">\r\n                        \r\n                                        \r\n                        \r\n                        <h3 style=\"text-align: left\">Servicio Personalizado<\/h3>\r\n<p style=\"text-align: left\">Nos adaptamos a las necesidades espec\u00edficas de cada cliente, ofreciendo soluciones de\u00a0distribuci\u00f3n personalizadas que potencian sus operaciones.\u200b<\/p>                    <\/div>\r\n                                            <a href=\"https:\/\/cellcacr.com\/representamos-tu-marca\/\" class=\"dist-carousel-button\">Me interesa<\/a>\r\n                                    <\/div>\r\n                            <div class=\"dist-carousel-item\">\r\n                                            <div class=\"dist-carousel-icon\">\r\n                            <img decoding=\"async\" src=\"http:\/\/cellcacr.com\/wp-content\/uploads\/2024\/07\/monito-dis-car.png\" alt=\"Icon\">\r\n                        \r\n                                        \r\n                        \r\n                        <h3 style=\"text-align: left\">Transparencia y Monitoreo<\/h3>\r\n<p style=\"text-align: left\">Ofrecemos seguimiento en tiempo real y transparencia en todas nuestras operaciones, proporcionando confianza y tranquilidad a nuestros clientes.<\/p>                    <\/div>\r\n                                            <a href=\"https:\/\/cellcacr.com\/representamos-tu-marca\/\" class=\"dist-carousel-button\">Me interesa<\/a>\r\n                                    <\/div>\r\n                    <\/div>\r\n    <\/div>\r\n    \n<p>&nbsp;<\/p>\n<p>&nbsp;<\/p>\n        <div class=\"contenedor-general-nosotros\">\r\n        <div class=\"confian-en-nosotros\">\r\n            <h2 class=\"confian-en-nosotros__titulo\">Somos leales a nuestra misi\u00f3n de brindarte soluciones confiables y eficientes.<\/h2>\r\n            <div class=\"confian-en-nosotros__descripcion\"><p>Estamos en Costa Rica desde 2015 y en Panam\u00e1 desde 2023, y desde estas fechas, importantes marcas de servicio nos han dado la responsabilidad de representarlos y distribuirlos.<\/p>\n<p>&nbsp;<\/p>\n<p><strong>Conf\u00edan en nosotros<\/strong><\/p>\n<\/div>\r\n            <div class=\"confian-en-nosotros__logos\">\r\n                                    <div class=\"contenedor-de-logos\">\r\n                    <img decoding=\"async\" src=\"http:\/\/cellcacr.com\/wp-content\/uploads\/2024\/07\/liberty.png\" alt=\"Logo\">\r\n                    <\/div>\r\n                                    <div class=\"contenedor-de-logos\">\r\n                    <img decoding=\"async\" src=\"http:\/\/cellcacr.com\/wp-content\/uploads\/2024\/07\/wink.png\" alt=\"Logo\">\r\n                    <\/div>\r\n                                    <div class=\"contenedor-de-logos\">\r\n                    <img decoding=\"async\" src=\"http:\/\/cellcacr.com\/wp-content\/uploads\/2024\/07\/sincola.png\" alt=\"Logo\">\r\n                    <\/div>\r\n                                    <div class=\"contenedor-de-logos\">\r\n                    <img decoding=\"async\" src=\"http:\/\/cellcacr.com\/wp-content\/uploads\/2024\/07\/xmovil.png\" alt=\"Logo\">\r\n                    <\/div>\r\n                            <\/div>\r\n        <\/div>\r\n        <\/div>\r\n        \n<p>&nbsp;<\/p>\n    \r\n    <div class=\"text-component-content\">\r\n        <p>Con Cellca Distribuci\u00f3n, tus productos no solo<\/p>\r\n<p>llegan a su destino, sino que lo hacen de<\/p>\r\n<p>manera <span style=\"color: #0070b2\">eficiente y\u00a0estrat\u00e9gica<\/span>, impulsando el<\/p>\r\n<p><span style=\"color: #0070b2\">crecimiento y \u00e9xito<\/span> de las marcas que<\/p>\r\n<p>representamos.<\/p>        <div class=\"text-component-button-wrapper\">\r\n        <a href=\"https:\/\/cellcacr.com\/representamos-tu-marca\/\" class=\"text-component-button\">\r\n            Contratar servicio        <\/a>\r\n    <\/div>\r\n    <\/div>\r\n   \r\n    \r\n    \n<p>&nbsp;<\/p>\n<p>&nbsp;<\/p>\n<p>&nbsp;<\/p>\n<p>&nbsp;<\/p>\n    <div class=\"custom-image-component\">\r\n                    <div class=\"custom-image-component-item\">\r\n                <img decoding=\"async\" src=\"http:\/\/cellcacr.com\/wp-content\/uploads\/2024\/07\/rep.png\" alt=\"Imagen del componente\">\r\n            <\/div>\r\n                    <div class=\"custom-image-component-item\">\r\n                <img decoding=\"async\" src=\"http:\/\/cellcacr.com\/wp-content\/uploads\/2024\/07\/caj.png\" alt=\"Imagen del componente\">\r\n            <\/div>\r\n            <\/div>\r\n    \n<p>&nbsp;<\/p>\n<p>&nbsp;<\/p>\n<p>&nbsp;<\/p>\n    <div class=\"contenedor-general-carrusel\">\r\n        <div class=\"carousel-wrapper\">\r\n            <div class=\"carousel-title\">\r\n                <p style=\"color: #0070b2; font-size: 28px; text-align: center; leading-trim: both; text-edge: cap; font-family: Helvetica; font-style: normal; font-weight: bold; line-height: 46px;\">Mas servicios<\/p>\n            <\/div>\r\n            <div class=\"carousel-container\">\r\n                                    <div class=\"carousel-item\" data-link=\"https:\/\/cellcacr.com\/?page_id=95\">\r\n                        <img decoding=\"async\" src=\"http:\/\/cellcacr.com\/wp-content\/uploads\/2024\/06\/c2.png\" alt=\"Carousel Image\">\r\n                    <\/div>\r\n                                    <div class=\"carousel-item\" data-link=\"https:\/\/cellcacr.com\/?page_id=99\">\r\n                        <img decoding=\"async\" src=\"http:\/\/cellcacr.com\/wp-content\/uploads\/2024\/06\/c3.png\" alt=\"Carousel Image\">\r\n                    <\/div>\r\n                                    <div class=\"carousel-item\" data-link=\"https:\/\/cellcacr.com\/?page_id=101\">\r\n                        <img decoding=\"async\" src=\"http:\/\/cellcacr.com\/wp-content\/uploads\/2024\/06\/c4.png\" alt=\"Carousel Image\">\r\n                    <\/div>\r\n                            <\/div>\r\n        <\/div>\r\n    <\/div>\r\n    \n<p>&nbsp;<\/p>\n  <div class=\"dist-tarjetas-wrapper\">\r\n                <h2>Nuestros planes<\/h2>\r\n            <div class=\"dist-tarjetas\">\r\n                        <div class=\"dist-tarjeta-item\">\r\n                  <div class=\"dist-tarjeta-icon\">\r\n                      <img decoding=\"async\" src=\"http:\/\/cellcacr.com\/wp-content\/uploads\/2024\/07\/iconplanes1.png\" alt=\"Icono\">\r\n                  <\/div>\r\n                  <div class=\"dist-tarjeta-content\">\r\n                      <h3>Planes moviles<\/h3>\r\n                  <\/div>\r\n                  <!-- Hover content -->\r\n                  <div class=\"dist-tarjeta-hover\">\r\n                      <div class=\"option\">\r\n                          <a href=\"https:\/\/api.whatsapp.com\/send\/?phone=50640020988&#038;text=Quiero+un+agente+de+ventas&#038;type=phone_number&#038;app_absent=0\" target=\"_blank\">\r\n                              <img decoding=\"async\" src=\"http:\/\/cellcacr.com\/wp-content\/uploads\/2024\/06\/Costaricaflag.png\" alt=\"Icono Pa\u00eds 1\">\r\n                              <span>Costa Rica<\/span>\r\n                          <\/a>\r\n                      <\/div>\r\n                      <div class=\"option\">\r\n                          <a href=\"https:\/\/api.whatsapp.com\/send\/?phone=5078337024&#038;text=Quiero+un+agente+de+ventas&#038;type=phone_number&#038;app_absent=0\" target=\"_blank\">\r\n                              <img decoding=\"async\" src=\"http:\/\/cellcacr.com\/wp-content\/uploads\/2024\/06\/Panamaflag.png\" alt=\"Icono Pa\u00eds 2\">\r\n                              <span>Panam\u00e1<\/span>\r\n                          <\/a>\r\n                      <\/div>\r\n                  <\/div>\r\n              <\/div>\r\n                        <div class=\"dist-tarjeta-item\">\r\n                  <div class=\"dist-tarjeta-icon\">\r\n                      <img decoding=\"async\" src=\"http:\/\/cellcacr.com\/wp-content\/uploads\/2024\/07\/iconplanes3.png\" alt=\"Icono\">\r\n                  <\/div>\r\n                  <div class=\"dist-tarjeta-content\">\r\n                      <h3>Planes Hogar<\/h3>\r\n                  <\/div>\r\n                  <!-- Hover content -->\r\n                  <div class=\"dist-tarjeta-hover\">\r\n                      <div class=\"option\">\r\n                          <a href=\"https:\/\/api.whatsapp.com\/send\/?phone=50640020988&#038;text=Quiero+un+agente+de+ventas&#038;type=phone_number&#038;app_absent=0\" target=\"_blank\">\r\n                              <img decoding=\"async\" src=\"http:\/\/cellcacr.com\/wp-content\/uploads\/2024\/06\/Costaricaflag.png\" alt=\"Icono Pa\u00eds 1\">\r\n                              <span>Costa Rica<\/span>\r\n                          <\/a>\r\n                      <\/div>\r\n                      <div class=\"option\">\r\n                          <a href=\"https:\/\/api.whatsapp.com\/send\/?phone=5078337024&#038;text=Quiero+un+agente+de+ventas&#038;type=phone_number&#038;app_absent=0\" target=\"_blank\">\r\n                              <img decoding=\"async\" src=\"http:\/\/cellcacr.com\/wp-content\/uploads\/2024\/06\/Panamaflag.png\" alt=\"Icono Pa\u00eds 2\">\r\n                              <span>Panam\u00e1<\/span>\r\n                          <\/a>\r\n                      <\/div>\r\n                  <\/div>\r\n              <\/div>\r\n                        <div class=\"dist-tarjeta-item\">\r\n                  <div class=\"dist-tarjeta-icon\">\r\n                      <img decoding=\"async\" src=\"http:\/\/cellcacr.com\/wp-content\/uploads\/2024\/07\/iconplanes2.png\" alt=\"Icono\">\r\n                  <\/div>\r\n                  <div class=\"dist-tarjeta-content\">\r\n                      <h3>Planes pyme<\/h3>\r\n                  <\/div>\r\n                  <!-- Hover content -->\r\n                  <div class=\"dist-tarjeta-hover\">\r\n                      <div class=\"option\">\r\n                          <a href=\"https:\/\/api.whatsapp.com\/send\/?phone=50640020988&#038;text=Quiero+un+agente+de+ventas&#038;type=phone_number&#038;app_absent=0\" target=\"_blank\">\r\n                              <img decoding=\"async\" src=\"http:\/\/cellcacr.com\/wp-content\/uploads\/2024\/06\/Costaricaflag.png\" alt=\"Icono Pa\u00eds 1\">\r\n                              <span>Costa Rica<\/span>\r\n                          <\/a>\r\n                      <\/div>\r\n                      <div class=\"option\">\r\n                          <a href=\"https:\/\/api.whatsapp.com\/send\/?phone=5078337024&#038;text=Quiero+un+agente+de+ventas&#038;type=phone_number&#038;app_absent=0\" target=\"_blank\">\r\n                              <img decoding=\"async\" src=\"http:\/\/cellcacr.com\/wp-content\/uploads\/2024\/06\/Panamaflag.png\" alt=\"Icono Pa\u00eds 2\">\r\n                              <span>Panam\u00e1<\/span>\r\n                          <\/a>\r\n                      <\/div>\r\n                  <\/div>\r\n              <\/div>\r\n                        <div class=\"dist-tarjeta-item\">\r\n                  <div class=\"dist-tarjeta-icon\">\r\n                      <img decoding=\"async\" src=\"http:\/\/cellcacr.com\/wp-content\/uploads\/2024\/07\/iconplanes4.png\" alt=\"Icono\">\r\n                  <\/div>\r\n                  <div class=\"dist-tarjeta-content\">\r\n                      <h3>Recerga Electronica<\/h3>\r\n                  <\/div>\r\n                  <!-- Hover content -->\r\n                  <div class=\"dist-tarjeta-hover\">\r\n                      <div class=\"option\">\r\n                          <a href=\"https:\/\/api.whatsapp.com\/send\/?phone=50640020988&#038;text=Quiero+un+agente+de+ventas&#038;type=phone_number&#038;app_absent=0\" target=\"_blank\">\r\n                              <img decoding=\"async\" src=\"http:\/\/cellcacr.com\/wp-content\/uploads\/2024\/06\/Costaricaflag.png\" alt=\"Icono Pa\u00eds 1\">\r\n                              <span>Costa Rica<\/span>\r\n                          <\/a>\r\n                      <\/div>\r\n                      <div class=\"option\">\r\n                          <a href=\"https:\/\/api.whatsapp.com\/send\/?phone=5078337024&#038;text=Quiero+un+agente+de+ventas&#038;type=phone_number&#038;app_absent=0\" target=\"_blank\">\r\n                              <img decoding=\"async\" src=\"http:\/\/cellcacr.com\/wp-content\/uploads\/2024\/06\/Panamaflag.png\" alt=\"Icono Pa\u00eds 2\">\r\n                              <span>Panam\u00e1<\/span>\r\n                          <\/a>\r\n                      <\/div>\r\n                  <\/div>\r\n              <\/div>\r\n                <\/div>\r\n  <\/div>\r\n  \n","protected":false},"excerpt":{"rendered":"<p>Cellca Distribuci\u00f3n Somos m\u00e1s que una empresa de distribuci\u00f3n: somos tu socio estrat\u00e9gico en la comercializaci\u00f3n de productos. &nbsp; &nbsp; &nbsp; &nbsp; &nbsp; &nbsp; &nbsp; &nbsp; &nbsp; &nbsp; &nbsp; &nbsp;<\/p>\n","protected":false},"author":1,"featured_media":0,"parent":10,"menu_order":0,"comment_status":"closed","ping_status":"closed","template":"","meta":{"footnotes":""},"_links":{"self":[{"href":"http:\/\/3.233.12.55\/index.php?rest_route=\/wp\/v2\/pages\/92"}],"collection":[{"href":"http:\/\/3.233.12.55\/index.php?rest_route=\/wp\/v2\/pages"}],"about":[{"href":"http:\/\/3.233.12.55\/index.php?rest_route=\/wp\/v2\/types\/page"}],"author":[{"embeddable":true,"href":"http:\/\/3.233.12.55\/index.php?rest_route=\/wp\/v2\/users\/1"}],"replies":[{"embeddable":true,"href":"http:\/\/3.233.12.55\/index.php?rest_route=%2Fwp%2Fv2%2Fcomments&post=92"}],"version-history":[{"count":60,"href":"http:\/\/3.233.12.55\/index.php?rest_route=\/wp\/v2\/pages\/92\/revisions"}],"predecessor-version":[{"id":801,"href":"http:\/\/3.233.12.55\/index.php?rest_route=\/wp\/v2\/pages\/92\/revisions\/801"}],"up":[{"embeddable":true,"href":"http:\/\/3.233.12.55\/index.php?rest_route=\/wp\/v2\/pages\/10"}],"wp:attachment":[{"href":"http:\/\/3.233.12.55\/index.php?rest_route=%2Fwp%2Fv2%2Fmedia&parent=92"}],"curies":[{"name":"wp","href":"https:\/\/api.w.org\/{rel}","templated":true}]}}