



{"id":162,"date":"2024-06-12T22:29:52","date_gmt":"2024-06-12T20:29:52","guid":{"rendered":"https:\/\/cellcacr.com\/?page_id=162"},"modified":"2024-07-22T23:55:44","modified_gmt":"2024-07-22T21:55:44","slug":"nuestra-historia","status":"publish","type":"page","link":"http:\/\/3.233.12.55\/?page_id=162","title":{"rendered":"Nuestra Historia"},"content":{"rendered":"<div class=\"nuestra-historia-container\">\n<h2 class=\"custom-h2\" style=\"text-align: left;\">Nuestra Historia<\/h2>\n<p style=\"text-align: left;\">Actualmente somos una empresa dedicada a la distribuci\u00f3n y comercializaci\u00f3n de productos y servicios de telecomunicaciones. Como asociados de negocios de Liberty Latin Am\u00e9rica distribuimos su marca Liberty (antes Movistar y Cabletica) en Costa Rica.<\/p>\n<p style=\"text-align: left;\">El grupo Cacell-Cellca nacen como empresas de distribuci\u00f3n de equipos y servicios de Telecomunicaciones.<\/p>\n<p>&nbsp;<\/p>\n<h3 class=\"custom-h3\">Iniciamos en 2015<\/h3>\n<p class=\"custom-paragraph\">Cacell Costa Rica inicia operaciones en 2015 dedic\u00e1ndose a la comercializaci\u00f3n de equipos bajo la marca Wink. A su vez Cellca (Cellca es un acr\u00f3nimo de: Celulares de Centro Am\u00e9rica) qui\u00e9n tambi\u00e9n apertura en el a\u00f1o 2015 se centra en tres l\u00edneas de negocios:<\/p>\n<p class=\"custom-paragraph\">&#8211; Tiendas<br \/>\n&#8211; Gestor de filas Sin Cola<br \/>\n&#8211; Pymes<\/p>\n<p>&nbsp;<\/p>\n<h3 class=\"custom-h3\">Primera Tienda<\/h3>\n<p class=\"custom-paragraph\">El 28 de agosto de 2015 Cellca apertura al p\u00fablico su primera tienda ubicada en el Centro Comercial de Sur. Contamos actualmente con 16 tiendas especialistas distribuidas en los principales focos poblacionales del GAM y Zona Sur de Costa Rica con un equipo de asesores y l\u00edderes que d\u00eda a d\u00eda lo entregan todo para brindar la mejor experiencia a nuestros clientes.<\/p>\n<p>&nbsp;<\/p>\n<h3 class=\"custom-h3\">Apertura Canal Mayorista<\/h3>\n<p class=\"custom-paragraph\">En 2017 Distribuidora Cellca ampl\u00eda su portafolio de negocios con la apertura del Canal Mayorista siendo las zonas asignadas GAM 5 y 6 Puntarenas Occidente Zona Sur y P\u00e9rez Zeled\u00f3n llevando hacia nuestros clientes la distribuci\u00f3n de recarga electr\u00f3nica mayorista.<\/p>\n<p>&nbsp;<\/p>\n<h3 class=\"custom-h3\">Inicio Televentas<\/h3>\n<p class=\"custom-paragraph\">Para inicios de 2023 se apertura formalmente el Canal Televentas qui\u00e9n actualmente gestiona campa\u00f1as comerciales de Liberty para el segmento m\u00f3vil y hogar residencial.<\/p>\n<p>&nbsp;<\/p>\n<h3 class=\"custom-h3\">2023 Cellca Panam\u00e1<\/h3>\n<p class=\"custom-paragraph\">Dado la excelencia y calidad en la gesti\u00f3n comercial de Distribuidora Cellca somos llamados a explorar la posibilidad de representar la marca M\u00e1s M\u00f3vil en Panam\u00e1 por lo que nace de esta manera Distribuidora Cellca Panam\u00e1 con 4 tiendas en las zonas de Chiriqu\u00ed Veraguas Herrara y Los Santos.<\/p>\n<\/div>\n","protected":false},"excerpt":{"rendered":"<p>Nuestra Historia Actualmente somos una empresa dedicada a la distribuci\u00f3n y comercializaci\u00f3n de productos y servicios de telecomunicaciones. Como asociados de negocios de Liberty Latin Am\u00e9rica distribuimos su marca Liberty (antes Movistar y Cabletica) en Costa Rica. El grupo Cacell-Cellca nacen como empresas de distribuci\u00f3n de equipos y servicios de Telecomunicaciones. &nbsp; Iniciamos en 2015 [&hellip;]<\/p>\n","protected":false},"author":1,"featured_media":0,"parent":152,"menu_order":0,"comment_status":"closed","ping_status":"closed","template":"","meta":{"footnotes":""},"_links":{"self":[{"href":"http:\/\/3.233.12.55\/index.php?rest_route=\/wp\/v2\/pages\/162"}],"collection":[{"href":"http:\/\/3.233.12.55\/index.php?rest_route=\/wp\/v2\/pages"}],"about":[{"href":"http:\/\/3.233.12.55\/index.php?rest_route=\/wp\/v2\/types\/page"}],"author":[{"embeddable":true,"href":"http:\/\/3.233.12.55\/index.php?rest_route=\/wp\/v2\/users\/1"}],"replies":[{"embeddable":true,"href":"http:\/\/3.233.12.55\/index.php?rest_route=%2Fwp%2Fv2%2Fcomments&post=162"}],"version-history":[{"count":10,"href":"http:\/\/3.233.12.55\/index.php?rest_route=\/wp\/v2\/pages\/162\/revisions"}],"predecessor-version":[{"id":650,"href":"http:\/\/3.233.12.55\/index.php?rest_route=\/wp\/v2\/pages\/162\/revisions\/650"}],"up":[{"embeddable":true,"href":"http:\/\/3.233.12.55\/index.php?rest_route=\/wp\/v2\/pages\/152"}],"wp:attachment":[{"href":"http:\/\/3.233.12.55\/index.php?rest_route=%2Fwp%2Fv2%2Fmedia&parent=162"}],"curies":[{"name":"wp","href":"https:\/\/api.w.org\/{rel}","templated":true}]}}