



{"id":101,"date":"2024-06-12T21:53:49","date_gmt":"2024-06-12T19:53:49","guid":{"rendered":"https:\/\/cellcacr.com\/?page_id=101"},"modified":"2024-08-01T19:54:30","modified_gmt":"2024-08-01T17:54:30","slug":"cellca-e-learning","status":"publish","type":"page","link":"http:\/\/3.233.12.55\/?page_id=101","title":{"rendered":"Cellca e-Learning"},"content":{"rendered":"<div class=\"pagina-dist-principal\">\n<div class=\"pagina-dist-principal-img\">\n        <img loading=\"lazy\" decoding=\"async\" class=\"alignnone size-medium wp-image-587 aligncenter\" src=\"http:\/\/cellcacr.com\/wp-content\/uploads\/2024\/07\/cellcaelearning-300x300.png\" alt=\"Cellca e-Learning\" width=\"300\" height=\"300\" srcset=\"http:\/\/3.233.12.55\/wp-content\/uploads\/2024\/07\/cellcaelearning-300x300.png 300w, http:\/\/3.233.12.55\/wp-content\/uploads\/2024\/07\/cellcaelearning-100x100.png 100w, http:\/\/3.233.12.55\/wp-content\/uploads\/2024\/07\/cellcaelearning-150x150.png 150w, http:\/\/3.233.12.55\/wp-content\/uploads\/2024\/07\/cellcaelearning.png 512w\" sizes=\"(max-width: 300px) 100vw, 300px\" \/>\n    <\/div>\n<h2 class=\"pagina-dist-principal-titulo\">\n        <span>Cellca e-Learning<\/span><br \/>\n    <\/h2>\n<div class=\"pagina-dist-principal-descripcion\">\n<p>En Cellca, sabemos que el \u00e9xito de tu empresa depende del talento y la formaci\u00f3n continua de<\/p>\n<p>tu equipo. Nuestra plataforma e-learning ofrece soluciones personalizadas y eficaces para la<\/p>\n<p>capacitaci\u00f3n corporativa y el desarrollo profesional de tus empleados.<\/p>\n<\/p><\/div>\n<\/div>\n<p>&nbsp;<\/p>\n    <div class=\"dist-carousel-wrapper\">\r\n                    <h2>\u00bfPor qu\u00e9 elegir Cellca e-Learning?<\/h2>\r\n                <div class=\"dist-carousel\">\r\n                            <div class=\"dist-carousel-item\">\r\n                                            <div class=\"dist-carousel-icon\">\r\n                            <img decoding=\"async\" src=\"http:\/\/cellcacr.com\/wp-content\/uploads\/2024\/07\/iconelearning1.png\" alt=\"Icon\">\r\n                        \r\n                                        \r\n                        \r\n                        <h3>Contenido Relevante y Actualizado<\/h3>\r\n<p>Cursos dise\u00f1ados por expertos en diversas \u00e1reas, garantizando que tu\u00a0equipo se mantenga a la vanguardia del conocimiento y las habilidades.\u200b<\/p>                    <\/div>\r\n                                            <a href=\"https:\/\/cellcacr.com\/representamos-tu-marca\/\" class=\"dist-carousel-button\">Me interesa<\/a>\r\n                                    <\/div>\r\n                            <div class=\"dist-carousel-item\">\r\n                                            <div class=\"dist-carousel-icon\">\r\n                            <img decoding=\"async\" src=\"http:\/\/cellcacr.com\/wp-content\/uploads\/2024\/07\/iconelearning2.png\" alt=\"Icon\">\r\n                        \r\n                                        \r\n                        \r\n                        <h3>Flexibilidad\r\ny Accesibilidad<\/h3>\r\n\r\n<p>Permite que tus empleados aprendan a su propio ritmo, en cualquier momento y\u00a0lugar, optimizando su tiempo y productividad.\u200b<\/p>                    <\/div>\r\n                                            <a href=\"https:\/\/cellcacr.com\/representamos-tu-marca\/\" class=\"dist-carousel-button\">Me interesa<\/a>\r\n                                    <\/div>\r\n                            <div class=\"dist-carousel-item\">\r\n                                            <div class=\"dist-carousel-icon\">\r\n                            <img decoding=\"async\" src=\"http:\/\/cellcacr.com\/wp-content\/uploads\/2024\/07\/iconelearning3.png\" alt=\"Icon\">\r\n                        \r\n                                        \r\n                        \r\n                        <h3>Anal\u00edtica\r\ny Seguimiento<\/h3>\r\n<p>Herramientas avanzadas para monitorear el progreso y el rendimiento de los\u00a0empleados, facilitando la gesti\u00f3n del aprendizaje corporativo.\u200b<\/p>                    <\/div>\r\n                                            <a href=\"https:\/\/cellcacr.com\/representamos-tu-marca\/\" class=\"dist-carousel-button\">Me interesa<\/a>\r\n                                    <\/div>\r\n                            <div class=\"dist-carousel-item\">\r\n                                            <div class=\"dist-carousel-icon\">\r\n                            <img decoding=\"async\" src=\"http:\/\/cellcacr.com\/wp-content\/uploads\/2024\/07\/iconelearning4.png\" alt=\"Icon\">\r\n                        \r\n                                        \r\n                        \r\n                        <h3>Adaptabilidad<\/h3>\r\n<p>Soluciones formativas personalizadas que se ajustan a las necesidades espec\u00edficas de tu empresa\u00a0y sector.\u200b<\/p>\r\n                    <\/div>\r\n                                            <a href=\"https:\/\/cellcacr.com\/representamos-tu-marca\/\" class=\"dist-carousel-button\">Me interesa<\/a>\r\n                                    <\/div>\r\n                    <\/div>\r\n    <\/div>\r\n    \n<p>&nbsp;<\/p>\n<p>&nbsp;<\/p>\n    \r\n    <div class=\"text-component-content\">\r\n        Con EduCellca, inviertes en el activo m\u00e1s valioso de tu empresa: tu gente. <span style=\"color: #0070b2\">Eleva las competencias de tu equipo y\u00a0acelera el crecimiento de tu negocio<\/span> con nuestra plataforma de formaci\u00f3n empresarial.\u200b        <div class=\"text-component-button-wrapper\">\r\n        <a href=\"https:\/\/cellcacr.com\/representamos-tu-marca\/\" class=\"text-component-button\">\r\n            Contratar servicio        <\/a>\r\n    <\/div>\r\n    <\/div>\r\n   \r\n    \r\n    \n<p>&nbsp;<\/p>\n    <div class=\"custom-image-component\">\r\n                    <div class=\"custom-image-component-item\">\r\n                <img decoding=\"async\" src=\"http:\/\/cellcacr.com\/wp-content\/uploads\/2024\/07\/fotoelearning1.png\" alt=\"Imagen del componente\">\r\n            <\/div>\r\n                    <div class=\"custom-image-component-item\">\r\n                <img decoding=\"async\" src=\"http:\/\/cellcacr.com\/wp-content\/uploads\/2024\/07\/fotoelearning2.png\" alt=\"Imagen del componente\">\r\n            <\/div>\r\n                    <div class=\"custom-image-component-item\">\r\n                <img decoding=\"async\" src=\"http:\/\/cellcacr.com\/wp-content\/uploads\/2024\/07\/fotoelearning3.png\" alt=\"Imagen del componente\">\r\n            <\/div>\r\n            <\/div>\r\n    \n<p>&nbsp;<\/p>\n    <div class=\"contenedor-general-carrusel\">\r\n        <div class=\"carousel-wrapper\">\r\n            <div class=\"carousel-title\">\r\n                <h3 style=\"text-align:  center; font-size: 28px;\"><span style=\"color: #0070b2;\">Mas servicios\u00a0<\/span><\/h3>\n            <\/div>\r\n            <div class=\"carousel-container\">\r\n                                    <div class=\"carousel-item\" data-link=\"https:\/\/cellcacr.com\/servicios\/cellca-distribucion\/\">\r\n                        <img decoding=\"async\" src=\"http:\/\/cellcacr.com\/wp-content\/uploads\/2024\/06\/c1.png\" alt=\"Carousel Image\">\r\n                    <\/div>\r\n                                    <div class=\"carousel-item\" data-link=\"https:\/\/cellcacr.com\/servicios\/cellca-distribucion\/\">\r\n                        <img decoding=\"async\" src=\"http:\/\/cellcacr.com\/wp-content\/uploads\/2024\/06\/c2.png\" alt=\"Carousel Image\">\r\n                    <\/div>\r\n                                    <div class=\"carousel-item\" data-link=\"https:\/\/cellcacr.com\/servicios\/cellca-distribucion\/\">\r\n                        <img decoding=\"async\" src=\"http:\/\/cellcacr.com\/wp-content\/uploads\/2024\/06\/c3.png\" alt=\"Carousel Image\">\r\n                    <\/div>\r\n                            <\/div>\r\n        <\/div>\r\n    <\/div>\r\n    \n<p>&nbsp;<\/p>\n  <div class=\"dist-tarjetas-wrapper\">\r\n                <h2>Nuestros planes<\/h2>\r\n            <div class=\"dist-tarjetas\">\r\n                        <div class=\"dist-tarjeta-item\">\r\n                  <div class=\"dist-tarjeta-icon\">\r\n                      <img decoding=\"async\" src=\"http:\/\/cellcacr.com\/wp-content\/uploads\/2024\/07\/iconplanes1.png\" alt=\"Icono\">\r\n                  <\/div>\r\n                  <div class=\"dist-tarjeta-content\">\r\n                      <h3>Planes moviles<\/h3>\r\n                  <\/div>\r\n                  <!-- Hover content -->\r\n                  <div class=\"dist-tarjeta-hover\">\r\n                      <div class=\"option\">\r\n                          <a href=\"https:\/\/api.whatsapp.com\/send\/?phone=50640020988&#038;text=Quiero+un+agente+de+ventas&#038;type=phone_number&#038;app_absent=0\" target=\"_blank\">\r\n                              <img decoding=\"async\" src=\"http:\/\/cellcacr.com\/wp-content\/uploads\/2024\/06\/Costaricaflag.png\" alt=\"Icono Pa\u00eds 1\">\r\n                              <span>Costa Rica<\/span>\r\n                          <\/a>\r\n                      <\/div>\r\n                      <div class=\"option\">\r\n                          <a href=\"https:\/\/api.whatsapp.com\/send\/?phone=5078337024&#038;text=Quiero+un+agente+de+ventas&#038;type=phone_number&#038;app_absent=0\" target=\"_blank\">\r\n                              <img decoding=\"async\" src=\"http:\/\/cellcacr.com\/wp-content\/uploads\/2024\/06\/Panamaflag.png\" alt=\"Icono Pa\u00eds 2\">\r\n                              <span>Panam\u00e1<\/span>\r\n                          <\/a>\r\n                      <\/div>\r\n                  <\/div>\r\n              <\/div>\r\n                        <div class=\"dist-tarjeta-item\">\r\n                  <div class=\"dist-tarjeta-icon\">\r\n                      <img decoding=\"async\" src=\"http:\/\/cellcacr.com\/wp-content\/uploads\/2024\/07\/iconplanes3.png\" alt=\"Icono\">\r\n                  <\/div>\r\n                  <div class=\"dist-tarjeta-content\">\r\n                      <h3>Planes Hogar<\/h3>\r\n                  <\/div>\r\n                  <!-- Hover content -->\r\n                  <div class=\"dist-tarjeta-hover\">\r\n                      <div class=\"option\">\r\n                          <a href=\"https:\/\/api.whatsapp.com\/send\/?phone=50640020988&#038;text=Quiero+un+agente+de+ventas&#038;type=phone_number&#038;app_absent=0\" target=\"_blank\">\r\n                              <img decoding=\"async\" src=\"http:\/\/cellcacr.com\/wp-content\/uploads\/2024\/06\/Costaricaflag.png\" alt=\"Icono Pa\u00eds 1\">\r\n                              <span>Costa Rica<\/span>\r\n                          <\/a>\r\n                      <\/div>\r\n                      <div class=\"option\">\r\n                          <a href=\"https:\/\/api.whatsapp.com\/send\/?phone=5078337024&#038;text=Quiero+un+agente+de+ventas&#038;type=phone_number&#038;app_absent=0\" target=\"_blank\">\r\n                              <img decoding=\"async\" src=\"http:\/\/cellcacr.com\/wp-content\/uploads\/2024\/06\/Panamaflag.png\" alt=\"Icono Pa\u00eds 2\">\r\n                              <span>Panam\u00e1<\/span>\r\n                          <\/a>\r\n                      <\/div>\r\n                  <\/div>\r\n              <\/div>\r\n                        <div class=\"dist-tarjeta-item\">\r\n                  <div class=\"dist-tarjeta-icon\">\r\n                      <img decoding=\"async\" src=\"http:\/\/cellcacr.com\/wp-content\/uploads\/2024\/07\/iconplanes2.png\" alt=\"Icono\">\r\n                  <\/div>\r\n                  <div class=\"dist-tarjeta-content\">\r\n                      <h3>Planes pyme<\/h3>\r\n                  <\/div>\r\n                  <!-- Hover content -->\r\n                  <div class=\"dist-tarjeta-hover\">\r\n                      <div class=\"option\">\r\n                          <a href=\"https:\/\/api.whatsapp.com\/send\/?phone=50640020988&#038;text=Quiero+un+agente+de+ventas&#038;type=phone_number&#038;app_absent=0\" target=\"_blank\">\r\n                              <img decoding=\"async\" src=\"http:\/\/cellcacr.com\/wp-content\/uploads\/2024\/06\/Costaricaflag.png\" alt=\"Icono Pa\u00eds 1\">\r\n                              <span>Costa Rica<\/span>\r\n                          <\/a>\r\n                      <\/div>\r\n                      <div class=\"option\">\r\n                          <a href=\"https:\/\/api.whatsapp.com\/send\/?phone=5078337024&#038;text=Quiero+un+agente+de+ventas&#038;type=phone_number&#038;app_absent=0\" target=\"_blank\">\r\n                              <img decoding=\"async\" src=\"http:\/\/cellcacr.com\/wp-content\/uploads\/2024\/06\/Panamaflag.png\" alt=\"Icono Pa\u00eds 2\">\r\n                              <span>Panam\u00e1<\/span>\r\n                          <\/a>\r\n                      <\/div>\r\n                  <\/div>\r\n              <\/div>\r\n                        <div class=\"dist-tarjeta-item\">\r\n                  <div class=\"dist-tarjeta-icon\">\r\n                      <img decoding=\"async\" src=\"http:\/\/cellcacr.com\/wp-content\/uploads\/2024\/07\/iconplanes4.png\" alt=\"Icono\">\r\n                  <\/div>\r\n                  <div class=\"dist-tarjeta-content\">\r\n                      <h3>Recerga Electronica<\/h3>\r\n                  <\/div>\r\n                  <!-- Hover content -->\r\n                  <div class=\"dist-tarjeta-hover\">\r\n                      <div class=\"option\">\r\n                          <a href=\"https:\/\/api.whatsapp.com\/send\/?phone=50640020988&#038;text=Quiero+un+agente+de+ventas&#038;type=phone_number&#038;app_absent=0\" target=\"_blank\">\r\n                              <img decoding=\"async\" src=\"http:\/\/cellcacr.com\/wp-content\/uploads\/2024\/06\/Costaricaflag.png\" alt=\"Icono Pa\u00eds 1\">\r\n                              <span>Costa Rica<\/span>\r\n                          <\/a>\r\n                      <\/div>\r\n                      <div class=\"option\">\r\n                          <a href=\"https:\/\/api.whatsapp.com\/send\/?phone=5078337024&#038;text=Quiero+un+agente+de+ventas&#038;type=phone_number&#038;app_absent=0\" target=\"_blank\">\r\n                              <img decoding=\"async\" src=\"http:\/\/cellcacr.com\/wp-content\/uploads\/2024\/06\/Panamaflag.png\" alt=\"Icono Pa\u00eds 2\">\r\n                              <span>Panam\u00e1<\/span>\r\n                          <\/a>\r\n                      <\/div>\r\n                  <\/div>\r\n              <\/div>\r\n                <\/div>\r\n  <\/div>\r\n  \n","protected":false},"excerpt":{"rendered":"<p>Cellca e-Learning En Cellca, sabemos que el \u00e9xito de tu empresa depende del talento y la formaci\u00f3n continua de tu equipo. Nuestra plataforma e-learning ofrece soluciones personalizadas y eficaces para la capacitaci\u00f3n corporativa y el desarrollo profesional de tus empleados. &nbsp; &nbsp; &nbsp; &nbsp; &nbsp; &nbsp;<\/p>\n","protected":false},"author":1,"featured_media":0,"parent":10,"menu_order":0,"comment_status":"closed","ping_status":"closed","template":"","meta":{"footnotes":""},"_links":{"self":[{"href":"http:\/\/3.233.12.55\/index.php?rest_route=\/wp\/v2\/pages\/101"}],"collection":[{"href":"http:\/\/3.233.12.55\/index.php?rest_route=\/wp\/v2\/pages"}],"about":[{"href":"http:\/\/3.233.12.55\/index.php?rest_route=\/wp\/v2\/types\/page"}],"author":[{"embeddable":true,"href":"http:\/\/3.233.12.55\/index.php?rest_route=\/wp\/v2\/users\/1"}],"replies":[{"embeddable":true,"href":"http:\/\/3.233.12.55\/index.php?rest_route=%2Fwp%2Fv2%2Fcomments&post=101"}],"version-history":[{"count":19,"href":"http:\/\/3.233.12.55\/index.php?rest_route=\/wp\/v2\/pages\/101\/revisions"}],"predecessor-version":[{"id":807,"href":"http:\/\/3.233.12.55\/index.php?rest_route=\/wp\/v2\/pages\/101\/revisions\/807"}],"up":[{"embeddable":true,"href":"http:\/\/3.233.12.55\/index.php?rest_route=\/wp\/v2\/pages\/10"}],"wp:attachment":[{"href":"http:\/\/3.233.12.55\/index.php?rest_route=%2Fwp%2Fv2%2Fmedia&parent=101"}],"curies":[{"name":"wp","href":"https:\/\/api.w.org\/{rel}","templated":true}]}}